{"id":84,"date":"2019-09-26T13:42:30","date_gmt":"2019-09-26T17:42:30","guid":{"rendered":"http:\/\/maq-qam.ca\/cf100\/?page_id=84"},"modified":"2022-03-10T13:51:12","modified_gmt":"2022-03-10T18:51:12","slug":"membres","status":"publish","type":"page","link":"https:\/\/maq-qam.ca\/cf100\/index.php\/membres\/","title":{"rendered":"Membres"},"content":{"rendered":"\n<figure class=\"wp-block-image\"><img loading=\"lazy\" width=\"1024\" height=\"291\" src=\"http:\/\/maq-qam.ca\/cf100\/wp-content\/uploads\/2019\/09\/2000-membres-1024x291.png\" alt=\"\" class=\"wp-image-17\" srcset=\"https:\/\/maq-qam.ca\/cf100\/wp-content\/uploads\/2019\/09\/2000-membres-1024x291.png 1024w, https:\/\/maq-qam.ca\/cf100\/wp-content\/uploads\/2019\/09\/2000-membres-300x85.png 300w, https:\/\/maq-qam.ca\/cf100\/wp-content\/uploads\/2019\/09\/2000-membres-768x218.png 768w, https:\/\/maq-qam.ca\/cf100\/wp-content\/uploads\/2019\/09\/2000-membres-1200x341.png 1200w, https:\/\/maq-qam.ca\/cf100\/wp-content\/uploads\/2019\/09\/2000-membres.png 2000w\" sizes=\"(max-width: 709px) 85vw, (max-width: 909px) 67vw, (max-width: 1362px) 62vw, 840px\" \/><\/figure>\n\n\n\n<h2 class=\"has-text-align-center\">Inscription et renouvellement<\/h2>\n\n\n\n<p class=\"has-text-align-center has-light-blue-background-color has-background\"><strong>Les tarifs varient entre payer via PayPal ou carte de cr\u00e9dit (42$\/21$) ou payer par transaction Interac (40$\/20$) par courriel.<\/strong><\/p>\n\n\n\n<div class=\"wp-block-image\"><figure class=\"aligncenter size-full is-resized\"><img loading=\"lazy\" src=\"http:\/\/maq-qam.ca\/cf100\/wp-content\/uploads\/2022\/03\/Paypal.jpg\" alt=\"\" class=\"wp-image-737\" width=\"205\" height=\"171\" srcset=\"https:\/\/maq-qam.ca\/cf100\/wp-content\/uploads\/2022\/03\/Paypal.jpg 535w, https:\/\/maq-qam.ca\/cf100\/wp-content\/uploads\/2022\/03\/Paypal-300x250.jpg 300w\" sizes=\"(max-width: 205px) 85vw, 205px\" \/><\/figure><\/div>\n\n\n\n<center>\n<form action=\"https:\/\/www.paypal.com\/cgi-bin\/webscr\" method=\"post\" target=\"_top\">\n<input type=\"hidden\" name=\"cmd\" value=\"_s-xclick\">\n<input type=\"hidden\" name=\"hosted_button_id\" value=\"ZRJRZGZ2Z3WAJ\">\n<table>\n<tr><td><input type=\"hidden\" name=\"on0\" value=\"Tarif \u00e9tudiant: 21$ annuel\">Tarif \u00e9tudiant: 21$ annuel<\/td><\/tr><tr><td><select name=\"os0\">\n\t<option value=\"Abonnement\">Abonnement <\/option>\n\t<option value=\"Renouvellement\">Renouvellement <\/option>\n<\/select> <\/td><\/tr>\n<\/table>\n<input type=\"image\" src=\"https:\/\/www.paypalobjects.com\/fr_CA\/i\/btn\/btn_subscribeCC_LG.gif\" border=\"0\" name=\"submit\" alt=\"PayPal - la solution de paiement en ligne la plus simple et la plus s\u00e9curis\u00e9e !\">\n<img loading=\"lazy\" alt=\"\" border=\"0\" src=\"https:\/\/www.paypalobjects.com\/fr_CA\/i\/scr\/pixel.gif\" width=\"1\" height=\"1\">\n<\/form>\n<\/center>\n\n\n\n<center>\n<form action=\"https:\/\/www.paypal.com\/cgi-bin\/webscr\" method=\"post\" target=\"_top\">\n<input type=\"hidden\" name=\"cmd\" value=\"_s-xclick\">\n<input type=\"hidden\" name=\"hosted_button_id\" value=\"DAEP9395JXMSY\">\n<table>\n<tr><td><input type=\"hidden\" name=\"on0\" value=\"Tarif r\u00e9gulier: 42$ annuel\">Tarif r\u00e9gulier: 42$ annuel<\/td><\/tr><tr><td><select name=\"os0\">\n\t<option value=\"Abonnement\">Abonnement <\/option>\n\t<option value=\"Renouvellement\">Renouvellement <\/option>\n<\/select> <\/td><\/tr>\n<\/table>\n<input type=\"image\" src=\"https:\/\/www.paypalobjects.com\/fr_CA\/i\/btn\/btn_subscribeCC_LG.gif\" border=\"0\" name=\"submit\" alt=\"PayPal - la solution de paiement en ligne la plus simple et la plus s\u00e9curis\u00e9e !\">\n<img loading=\"lazy\" alt=\"\" border=\"0\" src=\"https:\/\/www.paypalobjects.com\/fr_CA\/i\/scr\/pixel.gif\" width=\"1\" height=\"1\">\n<\/form>\n<\/center>\n\n\n\n<p class=\"has-text-align-center has-light-blue-background-color has-background\"><strong>OU<\/strong><\/p>\n\n\n\n<p class=\"has-text-align-center\"><img loading=\"lazy\" width=\"1200\" height=\"1200\" class=\"wp-image-526\" style=\"width: 100px;\" src=\"http:\/\/maq-qam.ca\/cf100\/wp-content\/uploads\/2020\/08\/InteracLogo.png\" alt=\"\" srcset=\"https:\/\/maq-qam.ca\/cf100\/wp-content\/uploads\/2020\/08\/InteracLogo.png 1200w, https:\/\/maq-qam.ca\/cf100\/wp-content\/uploads\/2020\/08\/InteracLogo-300x300.png 300w, https:\/\/maq-qam.ca\/cf100\/wp-content\/uploads\/2020\/08\/InteracLogo-1024x1024.png 1024w, https:\/\/maq-qam.ca\/cf100\/wp-content\/uploads\/2020\/08\/InteracLogo-150x150.png 150w, https:\/\/maq-qam.ca\/cf100\/wp-content\/uploads\/2020\/08\/InteracLogo-768x768.png 768w\" sizes=\"(max-width: 709px) 85vw, (max-width: 909px) 67vw, (max-width: 1362px) 62vw, 840px\" \/> <\/p>\n\n\n\n<p class=\"has-text-align-center\"><strong>En premier lieu,<\/strong> faire un virement Interac \u00e0 l\u2019adresse interac@maq-qam.ca.  <br>tarif \u00e9tudiant = 20$<br>tarif r\u00e9gulier = 40$  <\/p>\n\n\n\n<p class=\"has-text-align-center\"><strong>Ensuite<\/strong>, remplir \u00e9galement le formulaire de validation (mot de passe) du virement Interac.<\/p>\n\n\n\n<div class=\"wp-block-button aligncenter\"><a class=\"wp-block-button__link has-bright-blue-background-color has-background\" href=\"http:\/\/maq-qam.ca\/cf100\/index.php\/paiement-interac\/\">Code de Validation Virement InterAc<\/a><\/div>\n\n\n\n<hr class=\"wp-block-separator\"\/>\n","protected":false},"excerpt":{"rendered":"<p>Inscription et renouvellement Les tarifs varient entre payer via PayPal ou carte de cr\u00e9dit (42$\/21$) ou payer par transaction Interac (40$\/20$) par courriel. Tarif \u00e9tudiant: 21$ annuel Abonnement Renouvellement Tarif r\u00e9gulier: 42$ annuel Abonnement Renouvellement OU En premier lieu, faire un virement Interac \u00e0 l\u2019adresse interac@maq-qam.ca. tarif \u00e9tudiant = 20$tarif r\u00e9gulier = 40$ Ensuite, remplir &hellip; <a href=\"https:\/\/maq-qam.ca\/cf100\/index.php\/membres\/\" class=\"more-link\">Continuer la lecture<span class=\"screen-reader-text\"> de &laquo;&nbsp;Membres&nbsp;&raquo;<\/span><\/a><\/p>\n","protected":false},"author":3,"featured_media":0,"parent":0,"menu_order":0,"comment_status":"closed","ping_status":"closed","template":"","meta":[],"_links":{"self":[{"href":"https:\/\/maq-qam.ca\/cf100\/index.php\/wp-json\/wp\/v2\/pages\/84"}],"collection":[{"href":"https:\/\/maq-qam.ca\/cf100\/index.php\/wp-json\/wp\/v2\/pages"}],"about":[{"href":"https:\/\/maq-qam.ca\/cf100\/index.php\/wp-json\/wp\/v2\/types\/page"}],"author":[{"embeddable":true,"href":"https:\/\/maq-qam.ca\/cf100\/index.php\/wp-json\/wp\/v2\/users\/3"}],"replies":[{"embeddable":true,"href":"https:\/\/maq-qam.ca\/cf100\/index.php\/wp-json\/wp\/v2\/comments?post=84"}],"version-history":[{"count":70,"href":"https:\/\/maq-qam.ca\/cf100\/index.php\/wp-json\/wp\/v2\/pages\/84\/revisions"}],"predecessor-version":[{"id":817,"href":"https:\/\/maq-qam.ca\/cf100\/index.php\/wp-json\/wp\/v2\/pages\/84\/revisions\/817"}],"wp:attachment":[{"href":"https:\/\/maq-qam.ca\/cf100\/index.php\/wp-json\/wp\/v2\/media?parent=84"}],"curies":[{"name":"wp","href":"https:\/\/api.w.org\/{rel}","templated":true}]}}